{"id":14461,"date":"2019-09-23T11:43:49","date_gmt":"2019-09-23T09:43:49","guid":{"rendered":"https:\/\/www.calag.ch\/calag-gangloff-cabins\/produkte\/"},"modified":"2021-06-23T13:33:47","modified_gmt":"2021-06-23T11:33:47","slug":"produits-construction-de-cabine","status":"publish","type":"page","link":"https:\/\/www.calag.ch\/fr\/calag-gangloff-cabins\/produits-construction-de-cabine\/","title":{"rendered":"Produits Construction de cabine"},"content":{"rendered":"","protected":false},"excerpt":{"rendered":"","protected":false},"author":1,"featured_media":0,"parent":14155,"menu_order":1,"comment_status":"closed","ping_status":"closed","template":"page-sitebuilder.php","meta":{"_acf_changed":false,"inline_featured_image":false,"_monsterinsights_skip_tracking":false,"_monsterinsights_sitenote_active":false,"_monsterinsights_sitenote_note":"","_monsterinsights_sitenote_category":0,"footnotes":"","_links_to":"","_links_to_target":""},"class_list":["post-14461","page","type-page","status-publish","hentry"],"acf":[],"yoast_head":"<!-- This site is optimized with the Yoast SEO plugin v27.5 - https:\/\/yoast.com\/product\/yoast-seo-wordpress\/ -->\n<title>Calag Gangloff Kabinen - Ihre Kabinenbau-Experten<\/title>\n<meta name=\"description\" content=\"Calag Gangloff ist Ihr Experte f\u00fcr den Bau von formsch\u00f6nen Kabinen, Wagen, Spezialkabinen sowie Spezialanfertigungen f\u00fcr Vergn\u00fcgungsparks und urbanem Personentransport. Die Planung und der Bau von einzigartigen, formsch\u00f6ner Kabinen und Wagen ist unsere Leidenschaft.\" \/>\n<meta name=\"robots\" content=\"index, follow, max-snippet:-1, max-image-preview:large, max-video-preview:-1\" \/>\n<link rel=\"canonical\" href=\"https:\/\/www.calag.ch\/fr\/calag-gangloff-cabins\/produits-construction-de-cabine\/\" \/>\n<script type=\"application\/ld+json\" class=\"yoast-schema-graph\">{\"@context\":\"https:\\\/\\\/schema.org\",\"@graph\":[{\"@type\":\"WebPage\",\"@id\":\"https:\\\/\\\/www.calag.ch\\\/fr\\\/calag-gangloff-cabins\\\/produits-construction-de-cabine\\\/\",\"url\":\"https:\\\/\\\/www.calag.ch\\\/fr\\\/calag-gangloff-cabins\\\/produits-construction-de-cabine\\\/\",\"name\":\"Calag Gangloff Kabinen - Ihre Kabinenbau-Experten\",\"isPartOf\":{\"@id\":\"https:\\\/\\\/www.calag.ch\\\/fr\\\/#website\"},\"datePublished\":\"2019-09-23T09:43:49+00:00\",\"dateModified\":\"2021-06-23T11:33:47+00:00\",\"description\":\"Calag Gangloff ist Ihr Experte f\u00fcr den Bau von formsch\u00f6nen Kabinen, Wagen, Spezialkabinen sowie Spezialanfertigungen f\u00fcr Vergn\u00fcgungsparks und urbanem Personentransport. Die Planung und der Bau von einzigartigen, formsch\u00f6ner Kabinen und Wagen ist unsere Leidenschaft.\",\"breadcrumb\":{\"@id\":\"https:\\\/\\\/www.calag.ch\\\/fr\\\/calag-gangloff-cabins\\\/produits-construction-de-cabine\\\/#breadcrumb\"},\"inLanguage\":\"fr-FR\",\"potentialAction\":[{\"@type\":\"ReadAction\",\"target\":[\"https:\\\/\\\/www.calag.ch\\\/fr\\\/calag-gangloff-cabins\\\/produits-construction-de-cabine\\\/\"]}]},{\"@type\":\"BreadcrumbList\",\"@id\":\"https:\\\/\\\/www.calag.ch\\\/fr\\\/calag-gangloff-cabins\\\/produits-construction-de-cabine\\\/#breadcrumb\",\"itemListElement\":[{\"@type\":\"ListItem\",\"position\":1,\"name\":\"Startseite\",\"item\":\"https:\\\/\\\/www.calag.ch\\\/fr\\\/\"},{\"@type\":\"ListItem\",\"position\":2,\"name\":\"Construction de cabines\",\"item\":\"https:\\\/\\\/www.calag.ch\\\/fr\\\/calag-gangloff-cabins\\\/\"},{\"@type\":\"ListItem\",\"position\":3,\"name\":\"Produits Construction de cabine\"}]},{\"@type\":\"WebSite\",\"@id\":\"https:\\\/\\\/www.calag.ch\\\/fr\\\/#website\",\"url\":\"https:\\\/\\\/www.calag.ch\\\/fr\\\/\",\"name\":\"Calag Carrosserie Langenthal AG\",\"description\":\"\",\"publisher\":{\"@id\":\"https:\\\/\\\/www.calag.ch\\\/fr\\\/#organization\"},\"potentialAction\":[{\"@type\":\"SearchAction\",\"target\":{\"@type\":\"EntryPoint\",\"urlTemplate\":\"https:\\\/\\\/www.calag.ch\\\/fr\\\/?s={search_term_string}\"},\"query-input\":{\"@type\":\"PropertyValueSpecification\",\"valueRequired\":true,\"valueName\":\"search_term_string\"}}],\"inLanguage\":\"fr-FR\"},{\"@type\":\"Organization\",\"@id\":\"https:\\\/\\\/www.calag.ch\\\/fr\\\/#organization\",\"name\":\"Calag Carrosserie Langenthal AG\",\"url\":\"https:\\\/\\\/www.calag.ch\\\/fr\\\/\",\"logo\":{\"@type\":\"ImageObject\",\"inLanguage\":\"fr-FR\",\"@id\":\"https:\\\/\\\/www.calag.ch\\\/fr\\\/#\\\/schema\\\/logo\\\/image\\\/\",\"url\":\"https:\\\/\\\/www.calag.ch\\\/wp-content\\\/uploads\\\/2019\\\/11\\\/Calag_Icon_mit_Rahmen_CMYK.png\",\"contentUrl\":\"https:\\\/\\\/www.calag.ch\\\/wp-content\\\/uploads\\\/2019\\\/11\\\/Calag_Icon_mit_Rahmen_CMYK.png\",\"width\":1181,\"height\":670,\"caption\":\"Calag Carrosserie Langenthal AG\"},\"image\":{\"@id\":\"https:\\\/\\\/www.calag.ch\\\/fr\\\/#\\\/schema\\\/logo\\\/image\\\/\"}}]}<\/script>\n<!-- \/ Yoast SEO plugin. -->","yoast_head_json":{"title":"Calag Gangloff Kabinen - Ihre Kabinenbau-Experten","description":"Calag Gangloff ist Ihr Experte f\u00fcr den Bau von formsch\u00f6nen Kabinen, Wagen, Spezialkabinen sowie Spezialanfertigungen f\u00fcr Vergn\u00fcgungsparks und urbanem Personentransport. Die Planung und der Bau von einzigartigen, formsch\u00f6ner Kabinen und Wagen ist unsere Leidenschaft.","robots":{"index":"index","follow":"follow","max-snippet":"max-snippet:-1","max-image-preview":"max-image-preview:large","max-video-preview":"max-video-preview:-1"},"canonical":"https:\/\/www.calag.ch\/fr\/calag-gangloff-cabins\/produits-construction-de-cabine\/","schema":{"@context":"https:\/\/schema.org","@graph":[{"@type":"WebPage","@id":"https:\/\/www.calag.ch\/fr\/calag-gangloff-cabins\/produits-construction-de-cabine\/","url":"https:\/\/www.calag.ch\/fr\/calag-gangloff-cabins\/produits-construction-de-cabine\/","name":"Calag Gangloff Kabinen - Ihre Kabinenbau-Experten","isPartOf":{"@id":"https:\/\/www.calag.ch\/fr\/#website"},"datePublished":"2019-09-23T09:43:49+00:00","dateModified":"2021-06-23T11:33:47+00:00","description":"Calag Gangloff ist Ihr Experte f\u00fcr den Bau von formsch\u00f6nen Kabinen, Wagen, Spezialkabinen sowie Spezialanfertigungen f\u00fcr Vergn\u00fcgungsparks und urbanem Personentransport. Die Planung und der Bau von einzigartigen, formsch\u00f6ner Kabinen und Wagen ist unsere Leidenschaft.","breadcrumb":{"@id":"https:\/\/www.calag.ch\/fr\/calag-gangloff-cabins\/produits-construction-de-cabine\/#breadcrumb"},"inLanguage":"fr-FR","potentialAction":[{"@type":"ReadAction","target":["https:\/\/www.calag.ch\/fr\/calag-gangloff-cabins\/produits-construction-de-cabine\/"]}]},{"@type":"BreadcrumbList","@id":"https:\/\/www.calag.ch\/fr\/calag-gangloff-cabins\/produits-construction-de-cabine\/#breadcrumb","itemListElement":[{"@type":"ListItem","position":1,"name":"Startseite","item":"https:\/\/www.calag.ch\/fr\/"},{"@type":"ListItem","position":2,"name":"Construction de cabines","item":"https:\/\/www.calag.ch\/fr\/calag-gangloff-cabins\/"},{"@type":"ListItem","position":3,"name":"Produits Construction de cabine"}]},{"@type":"WebSite","@id":"https:\/\/www.calag.ch\/fr\/#website","url":"https:\/\/www.calag.ch\/fr\/","name":"Calag Carrosserie Langenthal AG","description":"","publisher":{"@id":"https:\/\/www.calag.ch\/fr\/#organization"},"potentialAction":[{"@type":"SearchAction","target":{"@type":"EntryPoint","urlTemplate":"https:\/\/www.calag.ch\/fr\/?s={search_term_string}"},"query-input":{"@type":"PropertyValueSpecification","valueRequired":true,"valueName":"search_term_string"}}],"inLanguage":"fr-FR"},{"@type":"Organization","@id":"https:\/\/www.calag.ch\/fr\/#organization","name":"Calag Carrosserie Langenthal AG","url":"https:\/\/www.calag.ch\/fr\/","logo":{"@type":"ImageObject","inLanguage":"fr-FR","@id":"https:\/\/www.calag.ch\/fr\/#\/schema\/logo\/image\/","url":"https:\/\/www.calag.ch\/wp-content\/uploads\/2019\/11\/Calag_Icon_mit_Rahmen_CMYK.png","contentUrl":"https:\/\/www.calag.ch\/wp-content\/uploads\/2019\/11\/Calag_Icon_mit_Rahmen_CMYK.png","width":1181,"height":670,"caption":"Calag Carrosserie Langenthal AG"},"image":{"@id":"https:\/\/www.calag.ch\/fr\/#\/schema\/logo\/image\/"}}]}},"_links":{"self":[{"href":"https:\/\/www.calag.ch\/fr\/wp-json\/wp\/v2\/pages\/14461","targetHints":{"allow":["GET"]}}],"collection":[{"href":"https:\/\/www.calag.ch\/fr\/wp-json\/wp\/v2\/pages"}],"about":[{"href":"https:\/\/www.calag.ch\/fr\/wp-json\/wp\/v2\/types\/page"}],"author":[{"embeddable":true,"href":"https:\/\/www.calag.ch\/fr\/wp-json\/wp\/v2\/users\/1"}],"replies":[{"embeddable":true,"href":"https:\/\/www.calag.ch\/fr\/wp-json\/wp\/v2\/comments?post=14461"}],"version-history":[{"count":0,"href":"https:\/\/www.calag.ch\/fr\/wp-json\/wp\/v2\/pages\/14461\/revisions"}],"up":[{"embeddable":true,"href":"https:\/\/www.calag.ch\/fr\/wp-json\/wp\/v2\/pages\/14155"}],"wp:attachment":[{"href":"https:\/\/www.calag.ch\/fr\/wp-json\/wp\/v2\/media?parent=14461"}],"curies":[{"name":"wp","href":"https:\/\/api.w.org\/{rel}","templated":true}]}}