{"id":14714,"date":"2019-09-24T14:31:15","date_gmt":"2019-09-24T12:31:15","guid":{"rendered":"https:\/\/www.calag.ch\/kontakt\/impressum\/"},"modified":"2019-09-24T14:31:15","modified_gmt":"2019-09-24T12:31:15","slug":"impressum","status":"publish","type":"page","link":"https:\/\/www.calag.ch\/fr\/contact\/impressum\/","title":{"rendered":"Impressum"},"content":{"rendered":"<div class=\"entry-content\">\n<h2>Herausgeber<\/h2>\n<p><strong>Calag Carrosserie Langenthal AG<\/strong><br \/>\nChasseralstrasse 7<br \/>\nPostfach 1649<br \/>\n4901 Langenthal<\/p>\n<h2>Webdesign &amp; Development<\/h2>\n<p>Fox Computers \u2013 Webdesign &amp; Development<br \/>\n<a href=\"http:\/\/www.foxcomputers.ch\" target=\"_blank\" rel=\"noopener noreferrer\">www.foxcomputers.ch<\/a><\/p>\n<h2>Haftungsausschluss<\/h2>\n<p>Der Autor \u00fcbernimmt keinerlei Gew\u00e4hr hinsichtlich der inhaltlichen Richtigkeit, Genauigkeit, Aktualit\u00e4t, Zuverl\u00e4ssigkeit und Vollst\u00e4ndigkeit der Informationen. Haftungsanspr\u00fcche gegen den Autor wegen Sch\u00e4den materieller oder immaterieller Art, welche aus dem Zugriff oder der Nutzung bzw. Nichtnutzung der ver\u00f6ffentlichten Informationen, durch Missbrauch der Verbindung oder durch technische St\u00f6rungen entstanden sind, werden ausgeschlossen. Alle Angebote sind unverbindlich. Der Autor beh\u00e4lt es sich ausdr\u00fccklich vor, Teile der Seiten oder das gesamte Angebot ohne gesonderte Ank\u00fcndigung zu ver\u00e4ndern, zu erg\u00e4nzen, zu l\u00f6schen oder die Ver\u00f6ffentlichung zeitweise oder endg\u00fcltig einzustellen.<\/p>\n<h2>Haftung f\u00fcr Links<\/h2>\n<p>Bei direkten oder indirekten Verweisen auf fremde Internetseiten (\u201eLinks\u201c), die au\u00dferhalb des Verantwortungsbereiches des Autors liegen, w\u00fcrde eine Haftungsverpflichtung ausschlie\u00dflich in dem Fall in Kraft treten, in dem der Autor von den Inhalten Kenntnis hat und es ihm technisch m\u00f6glich und zumutbar w\u00e4re, die Nutzung im Falle rechtswidriger Inhalte zu verhindern. Der Autor erkl\u00e4rt hiermit ausdr\u00fccklich, dass zum Zeitpunkt der Linksetzung keine illegalen Inhalte auf den zu verlinkenden Seiten erkennbar waren. Auf die aktuelle und zuk\u00fcnftige Gestaltung, die Inhalte oder die Urheberschaft der gelinkten\/verkn\u00fcpften Seiten hat der Autor keinerlei Einfluss. Deshalb distanziert er sich hiermit ausdr\u00fccklich von allen Inhalten aller gelinkten \/verkn\u00fcpften Seiten, die nach der Linksetzung ver\u00e4ndert wurden. Diese Feststellung gilt f\u00fcr alle innerhalb des eigenen Internetangebotes gesetzten Links und Verweise sowie f\u00fcr Fremdeintr\u00e4ge in vom Autor eingerichteten G\u00e4steb\u00fcchern, Diskussionsforen und Mailinglisten. F\u00fcr illegale, fehlerhafte oder unvollst\u00e4ndige Inhalte und insbesondere f\u00fcr Sch\u00e4den, die aus der Nutzung oder Nichtnutzung solcherart dargebotener Informationen entstehen, haftet allein der Anbieter der Seite, auf welche verwiesen wurde, nicht derjenige, der \u00fcber Links auf die jeweilige Ver\u00f6ffentlichung lediglich verweist.<\/p>\n<h2>Urheberrechte<\/h2>\n<p>Die Urheber- und alle anderen Rechte an Inhalten, Bildern, Fotos oder anderen Dateien auf der Website geh\u00f6ren ausschliesslich der Calag Carrosserie Langenthal AG oder den speziell genannten Rechtsinhabern. F\u00fcr die Reproduktion jeglicher Elemente ist die schriftliche Zustimmung der Urheberrechtstr\u00e4ger im Voraus einzuholen.<\/p>\n<p>Der Autor ist bestrebt, in allen Publikationen die Urheberrechte der verwendeten Grafiken, Tondokumente, Videosequenzen und Texte zu beachten, von ihm selbst erstellte Grafiken, Tondokumente, Videosequenzen und Texte zu nutzen oder auf lizenzfreie Grafiken, Tondokumente, Videosequenzen und Texte zur\u00fcckzugreifen. Alle innerhalb des Internetangebotes genannten und ggf. durch Dritte gesch\u00fctzten Marken- und Warenzeichen unterliegen uneingeschr\u00e4nkt den Bestimmungen des jeweils g\u00fcltigen Kennzeichenrechts und den Besitzrechten der jeweiligen eingetragenen Eigent\u00fcmer. Allein aufgrund der blo\u00dfen Nennung ist nicht der Schlu\u00df zu ziehen, dass Markenzeichen nicht durch Rechte Dritter gesch\u00fctzt sind! Das Copyright f\u00fcr ver\u00f6ffentlichte, vom Autor selbst erstellte Objekte bleibt allein beim Autor der Seiten. Eine Vervielf\u00e4ltigung oder Verwendung solcher Grafiken, Tondokumente, Videosequenzen und Texte in anderen elektronischen oder gedruckten Publikationen ist ohne ausdr\u00fcckliche Zustimmung des Autors nicht gestattet.<\/p>\n<h2>Datenschutz<\/h2>\n<p>Sofern innerhalb des Internetangebotes die M\u00f6glichkeit zur Eingabe pers\u00f6nlicher oder gesch\u00e4ftlicher Daten (Emailadressen, Namen, Anschriften) besteht, so erfolgt die Preisgabe dieser Daten seitens des Nutzers auf ausdr\u00fccklich freiwilliger Basis. Die Inanspruchnahme und Bezahlung aller angebotenen Dienste ist \u2013 soweit technisch m\u00f6glich und zumutbar \u2013 auch ohne Angabe solcher Daten bzw. unter Angabe anonymisierter Daten oder eines Pseudonyms gestattet.<\/p>\n<\/div>\n","protected":false},"excerpt":{"rendered":"<p>Herausgeber Calag Carrosserie Langenthal AG Chasseralstrasse 7 Postfach 1649 4901 Langenthal Webdesign &amp; Development Fox Computers \u2013 Webdesign &amp; Development www.foxcomputers.ch Haftungsausschluss Der Autor \u00fcbernimmt keinerlei Gew\u00e4hr hinsichtlich der inhaltlichen Richtigkeit, Genauigkeit, Aktualit\u00e4t, Zuverl\u00e4ssigkeit und Vollst\u00e4ndigkeit der Informationen. Haftungsanspr\u00fcche gegen den Autor wegen Sch\u00e4den materieller oder immaterieller Art, welche aus dem Zugriff oder der Nutzung [&hellip;]<\/p>\n","protected":false},"author":1,"featured_media":0,"parent":14711,"menu_order":3,"comment_status":"closed","ping_status":"closed","template":"","meta":{"_acf_changed":false,"inline_featured_image":false,"_monsterinsights_skip_tracking":false,"_monsterinsights_sitenote_active":false,"_monsterinsights_sitenote_note":"","_monsterinsights_sitenote_category":0,"footnotes":"","_links_to":"","_links_to_target":""},"class_list":["post-14714","page","type-page","status-publish","hentry"],"acf":[],"yoast_head":"<!-- This site is optimized with the Yoast SEO plugin v27.4 - https:\/\/yoast.com\/product\/yoast-seo-wordpress\/ -->\n<title>Impressum - Calag Carrosserie Langenthal AG<\/title>\n<meta name=\"robots\" content=\"index, follow, max-snippet:-1, max-image-preview:large, max-video-preview:-1\" \/>\n<link rel=\"canonical\" href=\"https:\/\/www.calag.ch\/fr\/contact\/impressum\/\" \/>\n<meta name=\"twitter:label1\" content=\"Dur\u00e9e de lecture estim\u00e9e\" \/>\n\t<meta name=\"twitter:data1\" content=\"3 minutes\" \/>\n<script type=\"application\/ld+json\" class=\"yoast-schema-graph\">{\"@context\":\"https:\\\/\\\/schema.org\",\"@graph\":[{\"@type\":\"WebPage\",\"@id\":\"https:\\\/\\\/www.calag.ch\\\/fr\\\/contact\\\/impressum\\\/\",\"url\":\"https:\\\/\\\/www.calag.ch\\\/fr\\\/contact\\\/impressum\\\/\",\"name\":\"Impressum - Calag Carrosserie Langenthal AG\",\"isPartOf\":{\"@id\":\"https:\\\/\\\/www.calag.ch\\\/fr\\\/#website\"},\"datePublished\":\"2019-09-24T12:31:15+00:00\",\"breadcrumb\":{\"@id\":\"https:\\\/\\\/www.calag.ch\\\/fr\\\/contact\\\/impressum\\\/#breadcrumb\"},\"inLanguage\":\"fr-FR\",\"potentialAction\":[{\"@type\":\"ReadAction\",\"target\":[\"https:\\\/\\\/www.calag.ch\\\/fr\\\/contact\\\/impressum\\\/\"]}]},{\"@type\":\"BreadcrumbList\",\"@id\":\"https:\\\/\\\/www.calag.ch\\\/fr\\\/contact\\\/impressum\\\/#breadcrumb\",\"itemListElement\":[{\"@type\":\"ListItem\",\"position\":1,\"name\":\"Startseite\",\"item\":\"https:\\\/\\\/www.calag.ch\\\/fr\\\/\"},{\"@type\":\"ListItem\",\"position\":2,\"name\":\"Contact\",\"item\":\"https:\\\/\\\/www.calag.ch\\\/fr\\\/contact\\\/\"},{\"@type\":\"ListItem\",\"position\":3,\"name\":\"Impressum\"}]},{\"@type\":\"WebSite\",\"@id\":\"https:\\\/\\\/www.calag.ch\\\/fr\\\/#website\",\"url\":\"https:\\\/\\\/www.calag.ch\\\/fr\\\/\",\"name\":\"Calag Carrosserie Langenthal AG\",\"description\":\"\",\"publisher\":{\"@id\":\"https:\\\/\\\/www.calag.ch\\\/fr\\\/#organization\"},\"potentialAction\":[{\"@type\":\"SearchAction\",\"target\":{\"@type\":\"EntryPoint\",\"urlTemplate\":\"https:\\\/\\\/www.calag.ch\\\/fr\\\/?s={search_term_string}\"},\"query-input\":{\"@type\":\"PropertyValueSpecification\",\"valueRequired\":true,\"valueName\":\"search_term_string\"}}],\"inLanguage\":\"fr-FR\"},{\"@type\":\"Organization\",\"@id\":\"https:\\\/\\\/www.calag.ch\\\/fr\\\/#organization\",\"name\":\"Calag Carrosserie Langenthal AG\",\"url\":\"https:\\\/\\\/www.calag.ch\\\/fr\\\/\",\"logo\":{\"@type\":\"ImageObject\",\"inLanguage\":\"fr-FR\",\"@id\":\"https:\\\/\\\/www.calag.ch\\\/fr\\\/#\\\/schema\\\/logo\\\/image\\\/\",\"url\":\"https:\\\/\\\/www.calag.ch\\\/wp-content\\\/uploads\\\/2019\\\/11\\\/Calag_Icon_mit_Rahmen_CMYK.png\",\"contentUrl\":\"https:\\\/\\\/www.calag.ch\\\/wp-content\\\/uploads\\\/2019\\\/11\\\/Calag_Icon_mit_Rahmen_CMYK.png\",\"width\":1181,\"height\":670,\"caption\":\"Calag Carrosserie Langenthal AG\"},\"image\":{\"@id\":\"https:\\\/\\\/www.calag.ch\\\/fr\\\/#\\\/schema\\\/logo\\\/image\\\/\"}}]}<\/script>\n<!-- \/ Yoast SEO plugin. -->","yoast_head_json":{"title":"Impressum - Calag Carrosserie Langenthal AG","robots":{"index":"index","follow":"follow","max-snippet":"max-snippet:-1","max-image-preview":"max-image-preview:large","max-video-preview":"max-video-preview:-1"},"canonical":"https:\/\/www.calag.ch\/fr\/contact\/impressum\/","twitter_misc":{"Dur\u00e9e de lecture estim\u00e9e":"3 minutes"},"schema":{"@context":"https:\/\/schema.org","@graph":[{"@type":"WebPage","@id":"https:\/\/www.calag.ch\/fr\/contact\/impressum\/","url":"https:\/\/www.calag.ch\/fr\/contact\/impressum\/","name":"Impressum - Calag Carrosserie Langenthal AG","isPartOf":{"@id":"https:\/\/www.calag.ch\/fr\/#website"},"datePublished":"2019-09-24T12:31:15+00:00","breadcrumb":{"@id":"https:\/\/www.calag.ch\/fr\/contact\/impressum\/#breadcrumb"},"inLanguage":"fr-FR","potentialAction":[{"@type":"ReadAction","target":["https:\/\/www.calag.ch\/fr\/contact\/impressum\/"]}]},{"@type":"BreadcrumbList","@id":"https:\/\/www.calag.ch\/fr\/contact\/impressum\/#breadcrumb","itemListElement":[{"@type":"ListItem","position":1,"name":"Startseite","item":"https:\/\/www.calag.ch\/fr\/"},{"@type":"ListItem","position":2,"name":"Contact","item":"https:\/\/www.calag.ch\/fr\/contact\/"},{"@type":"ListItem","position":3,"name":"Impressum"}]},{"@type":"WebSite","@id":"https:\/\/www.calag.ch\/fr\/#website","url":"https:\/\/www.calag.ch\/fr\/","name":"Calag Carrosserie Langenthal AG","description":"","publisher":{"@id":"https:\/\/www.calag.ch\/fr\/#organization"},"potentialAction":[{"@type":"SearchAction","target":{"@type":"EntryPoint","urlTemplate":"https:\/\/www.calag.ch\/fr\/?s={search_term_string}"},"query-input":{"@type":"PropertyValueSpecification","valueRequired":true,"valueName":"search_term_string"}}],"inLanguage":"fr-FR"},{"@type":"Organization","@id":"https:\/\/www.calag.ch\/fr\/#organization","name":"Calag Carrosserie Langenthal AG","url":"https:\/\/www.calag.ch\/fr\/","logo":{"@type":"ImageObject","inLanguage":"fr-FR","@id":"https:\/\/www.calag.ch\/fr\/#\/schema\/logo\/image\/","url":"https:\/\/www.calag.ch\/wp-content\/uploads\/2019\/11\/Calag_Icon_mit_Rahmen_CMYK.png","contentUrl":"https:\/\/www.calag.ch\/wp-content\/uploads\/2019\/11\/Calag_Icon_mit_Rahmen_CMYK.png","width":1181,"height":670,"caption":"Calag Carrosserie Langenthal AG"},"image":{"@id":"https:\/\/www.calag.ch\/fr\/#\/schema\/logo\/image\/"}}]}},"_links":{"self":[{"href":"https:\/\/www.calag.ch\/fr\/wp-json\/wp\/v2\/pages\/14714","targetHints":{"allow":["GET"]}}],"collection":[{"href":"https:\/\/www.calag.ch\/fr\/wp-json\/wp\/v2\/pages"}],"about":[{"href":"https:\/\/www.calag.ch\/fr\/wp-json\/wp\/v2\/types\/page"}],"author":[{"embeddable":true,"href":"https:\/\/www.calag.ch\/fr\/wp-json\/wp\/v2\/users\/1"}],"replies":[{"embeddable":true,"href":"https:\/\/www.calag.ch\/fr\/wp-json\/wp\/v2\/comments?post=14714"}],"version-history":[{"count":0,"href":"https:\/\/www.calag.ch\/fr\/wp-json\/wp\/v2\/pages\/14714\/revisions"}],"up":[{"embeddable":true,"href":"https:\/\/www.calag.ch\/fr\/wp-json\/wp\/v2\/pages\/14711"}],"wp:attachment":[{"href":"https:\/\/www.calag.ch\/fr\/wp-json\/wp\/v2\/media?parent=14714"}],"curies":[{"name":"wp","href":"https:\/\/api.w.org\/{rel}","templated":true}]}}